{"id":1907,"date":"2021-11-21T15:14:41","date_gmt":"2021-11-21T14:14:41","guid":{"rendered":"https:\/\/villaremata.com\/preisliste\/"},"modified":"2024-12-07T10:55:39","modified_gmt":"2024-12-07T09:55:39","slug":"preisliste","status":"publish","type":"page","link":"https:\/\/villaremata.com\/de\/preisliste\/","title":{"rendered":"Preisliste"},"content":{"rendered":"\t\t<div data-elementor-type=\"wp-page\" data-elementor-id=\"1907\" class=\"elementor elementor-1907 elementor-15\">\n\t\t\t\t\t\t<section class=\"elementor-section elementor-top-section elementor-element elementor-element-83746e8 elementor-section-height-min-height elementor-section-boxed elementor-section-height-default elementor-section-items-middle\" data-id=\"83746e8\" data-element_type=\"section\" data-e-type=\"section\" data-settings=\"{&quot;background_background&quot;:&quot;classic&quot;}\">\n\t\t\t\t\t\t\t<div class=\"elementor-background-overlay\"><\/div>\n\t\t\t\t\t\t\t<div class=\"elementor-container elementor-column-gap-default\">\n\t\t\t\t\t<div class=\"elementor-column elementor-col-100 elementor-top-column elementor-element elementor-element-09faee3\" data-id=\"09faee3\" data-element_type=\"column\" data-e-type=\"column\">\n\t\t\t<div class=\"elementor-widget-wrap elementor-element-populated\">\n\t\t\t\t\t\t<div class=\"elementor-element elementor-element-c7152a9 elementor-widget elementor-widget-heading\" data-id=\"c7152a9\" data-element_type=\"widget\" data-e-type=\"widget\" data-widget_type=\"heading.default\">\n\t\t\t\t<div class=\"elementor-widget-container\">\n\t\t\t\t\t<h1 class=\"elementor-heading-title elementor-size-default\">Preisliste Villa Remata<\/h1>\t\t\t\t<\/div>\n\t\t\t\t<\/div>\n\t\t\t\t\t<\/div>\n\t\t<\/div>\n\t\t\t\t\t<\/div>\n\t\t<\/section>\n\t\t\t\t<section class=\"elementor-section elementor-top-section elementor-element elementor-element-44228c0 elementor-section-boxed elementor-section-height-default elementor-section-height-default\" data-id=\"44228c0\" data-element_type=\"section\" data-e-type=\"section\">\n\t\t\t\t\t\t<div class=\"elementor-container elementor-column-gap-default\">\n\t\t\t\t\t<div class=\"elementor-column elementor-col-50 elementor-top-column elementor-element elementor-element-82bda7e\" data-id=\"82bda7e\" data-element_type=\"column\" data-e-type=\"column\">\n\t\t\t<div class=\"elementor-widget-wrap elementor-element-populated\">\n\t\t\t\t\t\t<div class=\"elementor-element elementor-element-e4686ee elementor-widget elementor-widget-text-editor\" data-id=\"e4686ee\" data-element_type=\"widget\" data-e-type=\"widget\" data-widget_type=\"text-editor.default\">\n\t\t\t\t<div class=\"elementor-widget-container\">\n\t\t\t\t\t\t\t\t\t<p>ab 225 \u20ac\/ pro Nacht<\/p>\n<p>ganzj\u00e4hrig au\u00dfer Weihnachten und Silvester<\/p>\n<\/p>\n<p>Mindestanzahl an N\u00e4chten: 2 (ganzj\u00e4hrig)<\/p>\n<p>1 &#8211; 4 Personen 225 \u20ac <\/p>\n<p>4 &#8211; 6 Personen 250 \u20ac<\/p>\n<\/p>\n<p>Kinder bis 3 Jahre ohne Anspruch auf ein Bett kostenlos<\/p>\n<p>(Babybett ist vorhanden)<\/p>\n\t\t\t\t\t\t\t\t<\/div>\n\t\t\t\t<\/div>\n\t\t\t\t\t<\/div>\n\t\t<\/div>\n\t\t\t\t<div class=\"elementor-column elementor-col-50 elementor-top-column elementor-element elementor-element-f0b84c0\" data-id=\"f0b84c0\" data-element_type=\"column\" data-e-type=\"column\">\n\t\t\t<div class=\"elementor-widget-wrap elementor-element-populated\">\n\t\t\t\t\t\t<div class=\"elementor-element elementor-element-a33446b elementor-widget elementor-widget-text-editor\" data-id=\"a33446b\" data-element_type=\"widget\" data-e-type=\"widget\" data-widget_type=\"text-editor.default\">\n\t\t\t\t<div class=\"elementor-widget-container\">\n\t\t\t\t\t\t\t\t\t<p>350 \u20ac\/ pro Nacht<\/p>\n<p>Weihnachten und Silvester 22.12. &#8211; 02.01.<\/p>\n<p><\/p>\n<p>Mindestanzahl an N\u00e4chten 3<\/p>\n<p>1 \u2011 6 Personen 350\u20ac<\/p>\n<p><\/p>\n<p>Kinder bis 3 Jahre ohne Anspruch auf ein Bett kostenlos<\/p>\n<p>(Babybett ist vorhanden)<\/p>\t\t\t\t\t\t\t\t<\/div>\n\t\t\t\t<\/div>\n\t\t\t\t\t<\/div>\n\t\t<\/div>\n\t\t\t\t\t<\/div>\n\t\t<\/section>\n\t\t\t\t<\/div>\n\t\t","protected":false},"excerpt":{"rendered":"<p>Preisliste Villa Remata ab 225 \u20ac\/ pro Nacht ganzj\u00e4hrig au\u00dfer Weihnachten und Silvester Mindestanzahl an N\u00e4chten: 2 (ganzj\u00e4hrig) 1 &#8211; 4 Personen 225 \u20ac 4 &#8211; 6 Personen 250 \u20ac Kinder bis 3 Jahre ohne Anspruch auf ein Bett kostenlos (Babybett ist vorhanden) 350 \u20ac\/ pro Nacht Weihnachten und Silvester 22.12. &#8211; 02.01. Mindestanzahl an [&hellip;]<\/p>\n","protected":false},"author":1,"featured_media":0,"parent":0,"menu_order":0,"comment_status":"closed","ping_status":"closed","template":"","meta":{"site-sidebar-layout":"no-sidebar","site-content-layout":"page-builder","ast-site-content-layout":"","site-content-style":"default","site-sidebar-style":"default","ast-global-header-display":"","ast-banner-title-visibility":"","ast-main-header-display":"","ast-hfb-above-header-display":"","ast-hfb-below-header-display":"","ast-hfb-mobile-header-display":"","site-post-title":"disabled","ast-breadcrumbs-content":"","ast-featured-img":"disabled","footer-sml-layout":"","theme-transparent-header-meta":"enabled","adv-header-id-meta":"","stick-header-meta":"","header-above-stick-meta":"","header-main-stick-meta":"","header-below-stick-meta":"","astra-migrate-meta-layouts":"default","ast-page-background-enabled":"default","ast-page-background-meta":{"desktop":{"background-color":"var(--ast-global-color-4)","background-image":"","background-repeat":"repeat","background-position":"center center","background-size":"auto","background-attachment":"scroll","background-type":"","background-media":"","overlay-type":"","overlay-color":"","overlay-opacity":"","overlay-gradient":""},"tablet":{"background-color":"","background-image":"","background-repeat":"repeat","background-position":"center center","background-size":"auto","background-attachment":"scroll","background-type":"","background-media":"","overlay-type":"","overlay-color":"","overlay-opacity":"","overlay-gradient":""},"mobile":{"background-color":"","background-image":"","background-repeat":"repeat","background-position":"center center","background-size":"auto","background-attachment":"scroll","background-type":"","background-media":"","overlay-type":"","overlay-color":"","overlay-opacity":"","overlay-gradient":""}},"ast-content-background-meta":{"desktop":{"background-color":"var(--ast-global-color-5)","background-image":"","background-repeat":"repeat","background-position":"center center","background-size":"auto","background-attachment":"scroll","background-type":"","background-media":"","overlay-type":"","overlay-color":"","overlay-opacity":"","overlay-gradient":""},"tablet":{"background-color":"var(--ast-global-color-5)","background-image":"","background-repeat":"repeat","background-position":"center center","background-size":"auto","background-attachment":"scroll","background-type":"","background-media":"","overlay-type":"","overlay-color":"","overlay-opacity":"","overlay-gradient":""},"mobile":{"background-color":"var(--ast-global-color-5)","background-image":"","background-repeat":"repeat","background-position":"center center","background-size":"auto","background-attachment":"scroll","background-type":"","background-media":"","overlay-type":"","overlay-color":"","overlay-opacity":"","overlay-gradient":""}},"footnotes":""},"class_list":["post-1907","page","type-page","status-publish","hentry"],"yoast_head":"<!-- This site is optimized with the Yoast SEO plugin v26.8 - https:\/\/yoast.com\/product\/yoast-seo-wordpress\/ -->\n<title>Preisliste - Villa Remata<\/title>\n<meta name=\"robots\" content=\"index, follow, max-snippet:-1, max-image-preview:large, max-video-preview:-1\" \/>\n<link rel=\"canonical\" href=\"https:\/\/villaremata.com\/de\/preisliste\/\" \/>\n<meta property=\"og:locale\" content=\"de_DE\" \/>\n<meta property=\"og:type\" content=\"article\" \/>\n<meta property=\"og:title\" content=\"Preisliste - Villa Remata\" \/>\n<meta property=\"og:description\" content=\"Preisliste Villa Remata ab 225 \u20ac\/ pro Nacht ganzj\u00e4hrig au\u00dfer Weihnachten und Silvester Mindestanzahl an N\u00e4chten: 2 (ganzj\u00e4hrig) 1 &#8211; 4 Personen 225 \u20ac 4 &#8211; 6 Personen 250 \u20ac Kinder bis 3 Jahre ohne Anspruch auf ein Bett kostenlos (Babybett ist vorhanden) 350 \u20ac\/ pro Nacht Weihnachten und Silvester 22.12. &#8211; 02.01. Mindestanzahl an [&hellip;]\" \/>\n<meta property=\"og:url\" content=\"https:\/\/villaremata.com\/de\/preisliste\/\" \/>\n<meta property=\"og:site_name\" content=\"Villa Remata\" \/>\n<meta property=\"article:publisher\" content=\"https:\/\/www.facebook.com\/villaremata\" \/>\n<meta property=\"article:modified_time\" content=\"2024-12-07T09:55:39+00:00\" \/>\n<meta name=\"twitter:card\" content=\"summary_large_image\" \/>\n<script type=\"application\/ld+json\" class=\"yoast-schema-graph\">{\"@context\":\"https:\/\/schema.org\",\"@graph\":[{\"@type\":\"WebPage\",\"@id\":\"https:\/\/villaremata.com\/de\/preisliste\/\",\"url\":\"https:\/\/villaremata.com\/de\/preisliste\/\",\"name\":\"Preisliste - Villa Remata\",\"isPartOf\":{\"@id\":\"https:\/\/villaremata.com\/#website\"},\"datePublished\":\"2021-11-21T14:14:41+00:00\",\"dateModified\":\"2024-12-07T09:55:39+00:00\",\"breadcrumb\":{\"@id\":\"https:\/\/villaremata.com\/de\/preisliste\/#breadcrumb\"},\"inLanguage\":\"de\",\"potentialAction\":[{\"@type\":\"ReadAction\",\"target\":[\"https:\/\/villaremata.com\/de\/preisliste\/\"]}]},{\"@type\":\"BreadcrumbList\",\"@id\":\"https:\/\/villaremata.com\/de\/preisliste\/#breadcrumb\",\"itemListElement\":[{\"@type\":\"ListItem\",\"position\":1,\"name\":\"Home\",\"item\":\"https:\/\/villaremata.com\/de\/homepaige\/\"},{\"@type\":\"ListItem\",\"position\":2,\"name\":\"Preisliste\"}]},{\"@type\":\"WebSite\",\"@id\":\"https:\/\/villaremata.com\/#website\",\"url\":\"https:\/\/villaremata.com\/\",\"name\":\"Villa Remata\",\"description\":\"Villa Remata \",\"publisher\":{\"@id\":\"https:\/\/villaremata.com\/#organization\"},\"potentialAction\":[{\"@type\":\"SearchAction\",\"target\":{\"@type\":\"EntryPoint\",\"urlTemplate\":\"https:\/\/villaremata.com\/?s={search_term_string}\"},\"query-input\":{\"@type\":\"PropertyValueSpecification\",\"valueRequired\":true,\"valueName\":\"search_term_string\"}}],\"inLanguage\":\"de\"},{\"@type\":\"Organization\",\"@id\":\"https:\/\/villaremata.com\/#organization\",\"name\":\"Villa Remata\",\"url\":\"https:\/\/villaremata.com\/\",\"logo\":{\"@type\":\"ImageObject\",\"inLanguage\":\"de\",\"@id\":\"https:\/\/villaremata.com\/#\/schema\/logo\/image\/\",\"url\":\"https:\/\/villaremata.com\/wp-content\/uploads\/cropped-villa-remata-logo.png\",\"contentUrl\":\"https:\/\/villaremata.com\/wp-content\/uploads\/cropped-villa-remata-logo.png\",\"width\":512,\"height\":512,\"caption\":\"Villa Remata\"},\"image\":{\"@id\":\"https:\/\/villaremata.com\/#\/schema\/logo\/image\/\"},\"sameAs\":[\"https:\/\/www.facebook.com\/villaremata\",\"https:\/\/www.instagram.com\/villa.remata\",\"https:\/\/www.booking.com\/hotel\/sk\/villa-remata\",\"https:\/\/sk.airbnb.com\/rooms\/950588410329986553?check_in=2023-09-01&check_out=2023-12-01&guests=1&adults=1&s=67&unique_share_id=28b1ac7e-aef9-40b3-b0d6-1c033399cb81&source_impression_id=p3_1692096213_XP8dSLbE8oX8g6\"]}]}<\/script>\n<!-- \/ Yoast SEO plugin. -->","yoast_head_json":{"title":"Preisliste - Villa Remata","robots":{"index":"index","follow":"follow","max-snippet":"max-snippet:-1","max-image-preview":"max-image-preview:large","max-video-preview":"max-video-preview:-1"},"canonical":"https:\/\/villaremata.com\/de\/preisliste\/","og_locale":"de_DE","og_type":"article","og_title":"Preisliste - Villa Remata","og_description":"Preisliste Villa Remata ab 225 \u20ac\/ pro Nacht ganzj\u00e4hrig au\u00dfer Weihnachten und Silvester Mindestanzahl an N\u00e4chten: 2 (ganzj\u00e4hrig) 1 &#8211; 4 Personen 225 \u20ac 4 &#8211; 6 Personen 250 \u20ac Kinder bis 3 Jahre ohne Anspruch auf ein Bett kostenlos (Babybett ist vorhanden) 350 \u20ac\/ pro Nacht Weihnachten und Silvester 22.12. &#8211; 02.01. Mindestanzahl an [&hellip;]","og_url":"https:\/\/villaremata.com\/de\/preisliste\/","og_site_name":"Villa Remata","article_publisher":"https:\/\/www.facebook.com\/villaremata","article_modified_time":"2024-12-07T09:55:39+00:00","twitter_card":"summary_large_image","schema":{"@context":"https:\/\/schema.org","@graph":[{"@type":"WebPage","@id":"https:\/\/villaremata.com\/de\/preisliste\/","url":"https:\/\/villaremata.com\/de\/preisliste\/","name":"Preisliste - Villa Remata","isPartOf":{"@id":"https:\/\/villaremata.com\/#website"},"datePublished":"2021-11-21T14:14:41+00:00","dateModified":"2024-12-07T09:55:39+00:00","breadcrumb":{"@id":"https:\/\/villaremata.com\/de\/preisliste\/#breadcrumb"},"inLanguage":"de","potentialAction":[{"@type":"ReadAction","target":["https:\/\/villaremata.com\/de\/preisliste\/"]}]},{"@type":"BreadcrumbList","@id":"https:\/\/villaremata.com\/de\/preisliste\/#breadcrumb","itemListElement":[{"@type":"ListItem","position":1,"name":"Home","item":"https:\/\/villaremata.com\/de\/homepaige\/"},{"@type":"ListItem","position":2,"name":"Preisliste"}]},{"@type":"WebSite","@id":"https:\/\/villaremata.com\/#website","url":"https:\/\/villaremata.com\/","name":"Villa Remata","description":"Villa Remata ","publisher":{"@id":"https:\/\/villaremata.com\/#organization"},"potentialAction":[{"@type":"SearchAction","target":{"@type":"EntryPoint","urlTemplate":"https:\/\/villaremata.com\/?s={search_term_string}"},"query-input":{"@type":"PropertyValueSpecification","valueRequired":true,"valueName":"search_term_string"}}],"inLanguage":"de"},{"@type":"Organization","@id":"https:\/\/villaremata.com\/#organization","name":"Villa Remata","url":"https:\/\/villaremata.com\/","logo":{"@type":"ImageObject","inLanguage":"de","@id":"https:\/\/villaremata.com\/#\/schema\/logo\/image\/","url":"https:\/\/villaremata.com\/wp-content\/uploads\/cropped-villa-remata-logo.png","contentUrl":"https:\/\/villaremata.com\/wp-content\/uploads\/cropped-villa-remata-logo.png","width":512,"height":512,"caption":"Villa Remata"},"image":{"@id":"https:\/\/villaremata.com\/#\/schema\/logo\/image\/"},"sameAs":["https:\/\/www.facebook.com\/villaremata","https:\/\/www.instagram.com\/villa.remata","https:\/\/www.booking.com\/hotel\/sk\/villa-remata","https:\/\/sk.airbnb.com\/rooms\/950588410329986553?check_in=2023-09-01&check_out=2023-12-01&guests=1&adults=1&s=67&unique_share_id=28b1ac7e-aef9-40b3-b0d6-1c033399cb81&source_impression_id=p3_1692096213_XP8dSLbE8oX8g6"]}]}},"_links":{"self":[{"href":"https:\/\/villaremata.com\/de\/wp-json\/wp\/v2\/pages\/1907","targetHints":{"allow":["GET"]}}],"collection":[{"href":"https:\/\/villaremata.com\/de\/wp-json\/wp\/v2\/pages"}],"about":[{"href":"https:\/\/villaremata.com\/de\/wp-json\/wp\/v2\/types\/page"}],"author":[{"embeddable":true,"href":"https:\/\/villaremata.com\/de\/wp-json\/wp\/v2\/users\/1"}],"replies":[{"embeddable":true,"href":"https:\/\/villaremata.com\/de\/wp-json\/wp\/v2\/comments?post=1907"}],"version-history":[{"count":4,"href":"https:\/\/villaremata.com\/de\/wp-json\/wp\/v2\/pages\/1907\/revisions"}],"predecessor-version":[{"id":2800,"href":"https:\/\/villaremata.com\/de\/wp-json\/wp\/v2\/pages\/1907\/revisions\/2800"}],"wp:attachment":[{"href":"https:\/\/villaremata.com\/de\/wp-json\/wp\/v2\/media?parent=1907"}],"curies":[{"name":"wp","href":"https:\/\/api.w.org\/{rel}","templated":true}]}}